{"id":2373,"date":"2025-05-23T14:19:58","date_gmt":"2025-05-23T14:19:58","guid":{"rendered":"https:\/\/sherazq1.sg-host.com\/?page_id=2373"},"modified":"2025-05-30T10:50:00","modified_gmt":"2025-05-30T10:50:00","slug":"club-rules","status":"publish","type":"page","link":"https:\/\/tryumphgymnastics.ca\/fr\/club-rules\/","title":{"rendered":"R\u00e8glement du club"},"content":{"rendered":"<div data-elementor-type=\"wp-page\" data-elementor-id=\"2373\" class=\"elementor elementor-2373\" data-elementor-post-type=\"page\">\n\t\t\t\t<div class=\"elementor-element elementor-element-3b87fbd e-flex e-con-boxed e-con e-parent\" data-id=\"3b87fbd\" data-element_type=\"container\" data-e-type=\"container\" data-settings=\"{&quot;background_background&quot;:&quot;classic&quot;}\">\n\t\t\t\t\t<div class=\"e-con-inner\">\n\t\t<div class=\"elementor-element elementor-element-50d4b3c e-con-full e-flex e-con e-child\" data-id=\"50d4b3c\" data-element_type=\"container\" data-e-type=\"container\">\n\t\t\t\t<div class=\"elementor-element elementor-element-0604be0 elementor-widget elementor-widget-heading\" data-id=\"0604be0\" data-element_type=\"widget\" data-e-type=\"widget\" data-widget_type=\"heading.default\">\n\t\t\t\t<div class=\"elementor-widget-container\">\n\t\t\t\t\t<h2 class=\"elementor-heading-title elementor-size-default\">R\u00e8gles g\u00e9n\u00e9rales\n<\/h2>\t\t\t\t<\/div>\n\t\t\t\t<\/div>\n\t\t\t\t<\/div>\n\t\t<div class=\"elementor-element elementor-element-695afa0 e-con-full e-flex e-con e-child\" data-id=\"695afa0\" data-element_type=\"container\" data-e-type=\"container\" data-settings=\"{&quot;background_background&quot;:&quot;classic&quot;}\">\n\t\t\t\t<div class=\"elementor-element elementor-element-be48a17 elementor-widget elementor-widget-heading\" data-id=\"be48a17\" data-element_type=\"widget\" data-e-type=\"widget\" data-widget_type=\"heading.default\">\n\t\t\t\t<div class=\"elementor-widget-container\">\n\t\t\t\t\t<h2 class=\"elementor-heading-title elementor-size-default\">Cours<\/h2>\t\t\t\t<\/div>\n\t\t\t\t<\/div>\n\t\t\t\t<div class=\"elementor-element elementor-element-1d43bcc elementor-widget elementor-widget-text-editor\" data-id=\"1d43bcc\" data-element_type=\"widget\" data-e-type=\"widget\" data-widget_type=\"text-editor.default\">\n\t\t\t\t<div class=\"elementor-widget-container\">\n\t\t\t\t\t\t\t\t\t<p>Les cours commencent \u00e0 l&#039;heure. Ne d\u00e9posez pas les enfants plus de dix minutes avant le d\u00e9but du cours. Les enfants doivent \u00eatre r\u00e9cup\u00e9r\u00e9s rapidement \u00e0 la fin du cours. Les parents sont tenus de surveiller les enfants en permanence avant et imm\u00e9diatement apr\u00e8s le cours.\u00a0<b>Acad\u00e9mie de gymnastique TRYumph<\/b>\u00a0L&#039;\u00e9cole d\u00e9cline toute responsabilit\u00e9 concernant les enfants laiss\u00e9s sans surveillance apr\u00e8s les cours. En cas de retard pour r\u00e9cup\u00e9rer votre enfant, merci de nous pr\u00e9venir.<\/p>\t\t\t\t\t\t\t\t<\/div>\n\t\t\t\t<\/div>\n\t\t\t\t<\/div>\n\t\t<div class=\"elementor-element elementor-element-87d09ca e-con-full e-flex e-con e-child\" data-id=\"87d09ca\" data-element_type=\"container\" data-e-type=\"container\" data-settings=\"{&quot;background_background&quot;:&quot;classic&quot;}\">\n\t\t\t\t<div class=\"elementor-element elementor-element-5fce2d4 elementor-widget elementor-widget-heading\" data-id=\"5fce2d4\" data-element_type=\"widget\" data-e-type=\"widget\" data-widget_type=\"heading.default\">\n\t\t\t\t<div class=\"elementor-widget-container\">\n\t\t\t\t\t<h2 class=\"elementor-heading-title elementor-size-default\">Visiteurs<\/h2>\t\t\t\t<\/div>\n\t\t\t\t<\/div>\n\t\t\t\t<div class=\"elementor-element elementor-element-246c56b elementor-widget elementor-widget-text-editor\" data-id=\"246c56b\" data-element_type=\"widget\" data-e-type=\"widget\" data-widget_type=\"text-editor.default\">\n\t\t\t\t<div class=\"elementor-widget-container\">\n\t\t\t\t\t\t\t\t\t<p>Les parents et les visiteurs ne sont pas admis dans le gymnase, sauf s&#039;ils participent \u00e0 un cours parents-enfants. Ils doivent s&#039;asseoir dans la zone d&#039;observation. Veuillez ne pas parler aux enfants qui participent aux cours et ne pas les distraire. Toute interruption pourrait entra\u00eener des blessures graves.<\/p>\t\t\t\t\t\t\t\t<\/div>\n\t\t\t\t<\/div>\n\t\t\t\t<\/div>\n\t\t<div class=\"elementor-element elementor-element-8d5508e e-con-full e-flex e-con e-child\" data-id=\"8d5508e\" data-element_type=\"container\" data-e-type=\"container\" data-settings=\"{&quot;background_background&quot;:&quot;classic&quot;}\">\n\t\t\t\t<div class=\"elementor-element elementor-element-b64b0bc elementor-widget elementor-widget-heading\" data-id=\"b64b0bc\" data-element_type=\"widget\" data-e-type=\"widget\" data-widget_type=\"heading.default\">\n\t\t\t\t<div class=\"elementor-widget-container\">\n\t\t\t\t\t<h2 class=\"elementor-heading-title elementor-size-default\">\u00c2ge minimum<\/h2>\t\t\t\t<\/div>\n\t\t\t\t<\/div>\n\t\t\t\t<div class=\"elementor-element elementor-element-d7bb204 elementor-widget elementor-widget-text-editor\" data-id=\"d7bb204\" data-element_type=\"widget\" data-e-type=\"widget\" data-widget_type=\"text-editor.default\">\n\t\t\t\t<div class=\"elementor-widget-container\">\n\t\t\t\t\t\t\t\t\t<p>Les enfants doivent avoir atteint l&#039;\u00e2ge minimum du programme auquel ils s&#039;inscrivent dans les quatre semaines suivant le d\u00e9but de la session. Ils doivent \u00e9galement avoir atteint l&#039;\u00e2ge minimum de tout programme de camp avant le premier cours.<\/p>\t\t\t\t\t\t\t\t<\/div>\n\t\t\t\t<\/div>\n\t\t\t\t<\/div>\n\t\t<div class=\"elementor-element elementor-element-0cc29b5 e-con-full e-flex e-con e-child\" data-id=\"0cc29b5\" data-element_type=\"container\" data-e-type=\"container\" data-settings=\"{&quot;background_background&quot;:&quot;classic&quot;}\">\n\t\t\t\t<div class=\"elementor-element elementor-element-c551339 elementor-widget elementor-widget-heading\" data-id=\"c551339\" data-element_type=\"widget\" data-e-type=\"widget\" data-widget_type=\"heading.default\">\n\t\t\t\t<div class=\"elementor-widget-container\">\n\t\t\t\t\t<h2 class=\"elementor-heading-title elementor-size-default\">Allergies aux noix<\/h2>\t\t\t\t<\/div>\n\t\t\t\t<\/div>\n\t\t\t\t<div class=\"elementor-element elementor-element-ff25bac elementor-widget elementor-widget-text-editor\" data-id=\"ff25bac\" data-element_type=\"widget\" data-e-type=\"widget\" data-widget_type=\"text-editor.default\">\n\t\t\t\t<div class=\"elementor-widget-container\">\n\t\t\t\t\t\t\t\t\t<p>En raison d\u2019une augmentation des allergies aux noix chez les enfants, tous les participants doivent s\u2019abstenir d\u2019apporter des noix et des produits \u00e0 base de noix \u00e0 l\u2019Acad\u00e9mie.<\/p>\t\t\t\t\t\t\t\t<\/div>\n\t\t\t\t<\/div>\n\t\t\t\t<\/div>\n\t\t<div class=\"elementor-element elementor-element-ecb2b86 e-con-full e-flex e-con e-child\" data-id=\"ecb2b86\" data-element_type=\"container\" data-e-type=\"container\" data-settings=\"{&quot;background_background&quot;:&quot;classic&quot;}\">\n\t\t\t\t<div class=\"elementor-element elementor-element-33f8c6e elementor-widget elementor-widget-heading\" data-id=\"33f8c6e\" data-element_type=\"widget\" data-e-type=\"widget\" data-widget_type=\"heading.default\">\n\t\t\t\t<div class=\"elementor-widget-container\">\n\t\t\t\t\t<h2 class=\"elementor-heading-title elementor-size-default\">Objets de valeur<\/h2>\t\t\t\t<\/div>\n\t\t\t\t<\/div>\n\t\t\t\t<div class=\"elementor-element elementor-element-a26fba1 elementor-widget elementor-widget-text-editor\" data-id=\"a26fba1\" data-element_type=\"widget\" data-e-type=\"widget\" data-widget_type=\"text-editor.default\">\n\t\t\t\t<div class=\"elementor-widget-container\">\n\t\t\t\t\t\t\t\t\t<p>Les objets de valeur ne doivent pas \u00eatre apport\u00e9s \u00e0 la salle de sport. L&#039;Acad\u00e9mie de gymnastique TRYumph d\u00e9cline toute responsabilit\u00e9 en cas de perte ou de vol.<\/p>\t\t\t\t\t\t\t\t<\/div>\n\t\t\t\t<\/div>\n\t\t\t\t<\/div>\n\t\t<div class=\"elementor-element elementor-element-fe2a3ec e-con-full e-flex e-con e-child\" data-id=\"fe2a3ec\" data-element_type=\"container\" data-e-type=\"container\" data-settings=\"{&quot;background_background&quot;:&quot;classic&quot;}\">\n\t\t\t\t<div class=\"elementor-element elementor-element-fbcf7ac elementor-widget elementor-widget-heading\" data-id=\"fbcf7ac\" data-element_type=\"widget\" data-e-type=\"widget\" data-widget_type=\"heading.default\">\n\t\t\t\t<div class=\"elementor-widget-container\">\n\t\t\t\t\t<h2 class=\"elementor-heading-title elementor-size-default\">Photographie et enregistrement vid\u00e9o<\/h2>\t\t\t\t<\/div>\n\t\t\t\t<\/div>\n\t\t\t\t<div class=\"elementor-element elementor-element-a3adaae elementor-widget elementor-widget-text-editor\" data-id=\"a3adaae\" data-element_type=\"widget\" data-e-type=\"widget\" data-widget_type=\"text-editor.default\">\n\t\t\t\t<div class=\"elementor-widget-container\">\n\t\t\t\t\t\t\t\t\t<p>Il est interdit de prendre des photos et de filmer dans la salle de sport, sauf autorisation expresse du club. Si la photographie est autoris\u00e9e, l&#039;utilisation du flash pendant les heures d&#039;entra\u00eenement est strictement interdite pour la s\u00e9curit\u00e9 de nos athl\u00e8tes.<\/p>\t\t\t\t\t\t\t\t<\/div>\n\t\t\t\t<\/div>\n\t\t\t\t<\/div>\n\t\t<div class=\"elementor-element elementor-element-6782ccc e-con-full e-flex e-con e-child\" data-id=\"6782ccc\" data-element_type=\"container\" data-e-type=\"container\" data-settings=\"{&quot;background_background&quot;:&quot;classic&quot;}\">\n\t\t\t\t<div class=\"elementor-element elementor-element-13322f2 elementor-widget elementor-widget-heading\" data-id=\"13322f2\" data-element_type=\"widget\" data-e-type=\"widget\" data-widget_type=\"heading.default\">\n\t\t\t\t<div class=\"elementor-widget-container\">\n\t\t\t\t\t<h2 class=\"elementor-heading-title elementor-size-default\">Cartes de progression TRYumph<\/h2>\t\t\t\t<\/div>\n\t\t\t\t<\/div>\n\t\t\t\t<div class=\"elementor-element elementor-element-fdffe6b elementor-widget elementor-widget-text-editor\" data-id=\"fdffe6b\" data-element_type=\"widget\" data-e-type=\"widget\" data-widget_type=\"text-editor.default\">\n\t\t\t\t<div class=\"elementor-widget-container\">\n\t\t\t\t\t\t\t\t\t<p><span style=\"font-weight: 400;\">\u00c0 la fin de chaque s\u00e9ance, votre enfant recevra une fiche de progression TRYumph. S&#039;il est pr\u00eat \u00e0 passer au niveau sup\u00e9rieur, cela sera indiqu\u00e9 sur la fiche.<\/span><span style=\"font-weight: 400;\"><br \/><\/span><span style=\"font-weight: 400;\">Pr\u00e9sentez votre carte \u00e0 l&#039;accueil pour v\u00e9rifier les disponibilit\u00e9s au niveau sup\u00e9rieur. Si aucune place n&#039;est disponible, vous pouvez vous inscrire sur une liste d&#039;attente ou \u00e0 un autre cours lors de la prochaine session.<\/span><\/p>\t\t\t\t\t\t\t\t<\/div>\n\t\t\t\t<\/div>\n\t\t\t\t<\/div>\n\t\t\t\t\t<\/div>\n\t\t\t\t<\/div>\n\t\t<div class=\"elementor-element elementor-element-2a6171a e-flex e-con-boxed e-con e-parent\" data-id=\"2a6171a\" data-element_type=\"container\" data-e-type=\"container\" data-settings=\"{&quot;background_background&quot;:&quot;classic&quot;}\">\n\t\t\t\t\t<div class=\"e-con-inner\">\n\t\t<div class=\"elementor-element elementor-element-1443bc9 e-con-full e-flex e-con e-child\" data-id=\"1443bc9\" data-element_type=\"container\" data-e-type=\"container\">\n\t\t\t\t<div class=\"elementor-element elementor-element-faf1d02 elementor-widget elementor-widget-heading\" data-id=\"faf1d02\" data-element_type=\"widget\" data-e-type=\"widget\" data-widget_type=\"heading.default\">\n\t\t\t\t<div class=\"elementor-widget-container\">\n\t\t\t\t\t<h2 class=\"elementor-heading-title elementor-size-default\">R\u00e8gles des athl\u00e8tes\n<\/h2>\t\t\t\t<\/div>\n\t\t\t\t<\/div>\n\t\t\t\t<\/div>\n\t\t<div class=\"elementor-element elementor-element-798d468 e-con-full e-flex e-con e-child\" data-id=\"798d468\" data-element_type=\"container\" data-e-type=\"container\">\n\t\t\t\t<div class=\"elementor-element elementor-element-bc09ef3 elementor-widget__width-initial elementor-widget elementor-widget-text-editor\" data-id=\"bc09ef3\" data-element_type=\"widget\" data-e-type=\"widget\" data-widget_type=\"text-editor.default\">\n\t\t\t\t<div class=\"elementor-widget-container\">\n\t\t\t\t\t\t\t\t\t<ul><li>Aucun adulte ou enfant non autoris\u00e9 n&#039;est autoris\u00e9 \u00e0 entrer dans la salle de sport \u00e0 aucun moment.<\/li><li>Interdiction de jouer sur aucun \u00e9quipement sans la supervision stricte d&#039;un entra\u00eeneur, avant, apr\u00e8s et pendant les cours.<\/li><li>Ne pas se balancer sur les cordes.<\/li><li>Il est interdit d&#039;apporter de la nourriture ou des boissons dans la salle de sport. Il est interdit de m\u00e2cher, de bubble-gum ou de sucettes.<\/li><li>Les cheveux longs doivent \u00eatre attach\u00e9s en arri\u00e8re du visage.<\/li><\/ul>\t\t\t\t\t\t\t\t<\/div>\n\t\t\t\t<\/div>\n\t\t\t\t<div class=\"elementor-element elementor-element-209d786 elementor-widget__width-initial elementor-widget elementor-widget-text-editor\" data-id=\"209d786\" data-element_type=\"widget\" data-e-type=\"widget\" data-widget_type=\"text-editor.default\">\n\t\t\t\t<div class=\"elementor-widget-container\">\n\t\t\t\t\t\t\t\t\t<ul><li>Les gymnastes sont tenus d&#039;arriver \u00e0 l&#039;heure et doivent \u00eatre r\u00e9cup\u00e9r\u00e9s \u00e0 l&#039;int\u00e9rieur de l&#039;acad\u00e9mie. En cas d&#039;attente, les gymnastes doivent rester \u00e0 l&#039;int\u00e9rieur du gymnase.\u00a0<strong>Acad\u00e9mie de gymnastique TRYumph<\/strong>\u00a0n&#039;assume aucune responsabilit\u00e9 pour les enfants en dehors des heures de cours pr\u00e9vues.<\/li><li>Les frais d&#039;affiliation\/d&#039;inscription (assurance) doivent \u00eatre pay\u00e9s avant d&#039;entrer dans la salle de sport pour le premier cours.<\/li><\/ul>\t\t\t\t\t\t\t\t<\/div>\n\t\t\t\t<\/div>\n\t\t\t\t<div class=\"elementor-element elementor-element-969cd97 elementor-widget__width-initial elementor-widget elementor-widget-text-editor\" data-id=\"969cd97\" data-element_type=\"widget\" data-e-type=\"widget\" data-widget_type=\"text-editor.default\">\n\t\t\t\t<div class=\"elementor-widget-container\">\n\t\t\t\t\t\t\t\t\t<ul><li>Les frais de scolarit\u00e9 doivent \u00eatre pay\u00e9s dans les trois premi\u00e8res semaines de chaque trimestre ; les gymnastes qui n&#039;ont pas pay\u00e9 leurs frais ne pourront pas entrer dans la salle de sport, sauf si des dispositions pr\u00e9alables ont \u00e9t\u00e9 prises avec le club.<\/li><li>Une tenue appropri\u00e9e est requise\u00a0: shorts, cuissards, pantalons de surv\u00eatement, leggings, t-shirts et justaucorps. Veuillez \u00e9viter les fermetures \u00e9clair.<\/li><li>Les bijoux ne doivent pas \u00eatre port\u00e9s pendant les s\u00e9ances de gymnastique. Cela inclut les colliers, bagues, montres, bracelets et boucles d&#039;oreilles pendantes.<\/li><\/ul>\t\t\t\t\t\t\t\t<\/div>\n\t\t\t\t<\/div>\n\t\t\t\t<\/div>\n\t\t\t\t\t<\/div>\n\t\t\t\t<\/div>\n\t\t\t\t<\/div>","protected":false},"excerpt":{"rendered":"<p>General Rules Classes Classes start on time. Do not drop-off children more than ten minutes prior to start of class. Children must be picked up promptly when class is over. Parents are required to supervise children at all times before and immediately after class.\u00a0TRYumph Gymnastics Academy\u00a0does not take responsibility for children left unsupervised after class. [&hellip;]<\/p>\n","protected":false},"author":1,"featured_media":0,"parent":0,"menu_order":0,"comment_status":"closed","ping_status":"closed","template":"","meta":{"_glsr_average":0,"_glsr_ranking":0,"_glsr_reviews":0,"footnotes":""},"class_list":["post-2373","page","type-page","status-publish","hentry"],"_links":{"self":[{"href":"https:\/\/tryumphgymnastics.ca\/fr\/wp-json\/wp\/v2\/pages\/2373","targetHints":{"allow":["GET"]}}],"collection":[{"href":"https:\/\/tryumphgymnastics.ca\/fr\/wp-json\/wp\/v2\/pages"}],"about":[{"href":"https:\/\/tryumphgymnastics.ca\/fr\/wp-json\/wp\/v2\/types\/page"}],"author":[{"embeddable":true,"href":"https:\/\/tryumphgymnastics.ca\/fr\/wp-json\/wp\/v2\/users\/1"}],"replies":[{"embeddable":true,"href":"https:\/\/tryumphgymnastics.ca\/fr\/wp-json\/wp\/v2\/comments?post=2373"}],"version-history":[{"count":139,"href":"https:\/\/tryumphgymnastics.ca\/fr\/wp-json\/wp\/v2\/pages\/2373\/revisions"}],"predecessor-version":[{"id":5717,"href":"https:\/\/tryumphgymnastics.ca\/fr\/wp-json\/wp\/v2\/pages\/2373\/revisions\/5717"}],"wp:attachment":[{"href":"https:\/\/tryumphgymnastics.ca\/fr\/wp-json\/wp\/v2\/media?parent=2373"}],"curies":[{"name":"wp","href":"https:\/\/api.w.org\/{rel}","templated":true}]}}